{"id":115,"date":"2020-09-22T17:09:53","date_gmt":"2020-09-22T17:09:53","guid":{"rendered":"https:\/\/deograciaslab.usal.es\/?page_id=115"},"modified":"2022-11-23T12:38:48","modified_gmt":"2022-11-23T11:38:48","slug":"https-deograciaslab-usal-es-2020-09-22-publicaciones-relevantes","status":"publish","type":"page","link":"https:\/\/deograciaslab.usal.es\/en\/https-deograciaslab-usal-es-2020-09-22-publicaciones-relevantes\/","title":{"rendered":"Publicaciones\/Publications"},"content":{"rendered":"<ol class=\"wp-block-list\" type=\"1\"><li><strong><a href=\"https:\/\/pubmed.ncbi.nlm.nih.gov\/30679375\/\">Distinct molecular programs regulate synapse specificity in cortical inhibitory circuits. <\/a>Deogracias R*<\/strong><em>, Favuzzi E*<\/em>, Marques-Smith A, Maeso P, Jezequel J, Exposito-Alonso D, Balia M , Kroon T, Hinojosa AJ, Maraver EF, Rico B. *Equal contribution. <strong>Science. 2019.<\/strong><\/li><li><a href=\"https:\/\/pubmed.ncbi.nlm.nih.gov\/30067978\/\"><strong>The Microtubule Regulator NEK7 Coordinates the Wiring of Cortical Parvalbumin Interneurons.\u00a0<\/strong><\/a>Hinojosa AJ, <strong>Deogracias R<\/strong>, Rico B. <strong>Cell Reports. 2018<\/strong><\/li><li><a href=\"https:\/\/pubmed.ncbi.nlm.nih.gov\/28712654\/\"><strong>Activity-Dependent Gating of Parvalbumin Interneuron Function by the Perineuronal Net Protein Brevican.<\/strong><\/a> Favuzzi E, <strong>Deogracias R*<\/strong><em>,<\/em> Marques-Smith A*, Winterflood CM, S\u00e1nchez-Aguilera A, Mantoan L, Maeso P, Fernandes C, Ewers H, Rico B. *Equal contribution.\u00a0 <strong>Neuron. 2017.<\/strong><\/li><li><a href=\"https:\/\/pubmed.ncbi.nlm.nih.gov\/22891354\/\"><strong>Fingolimod, a sphingosine-1 phosphate receptor modulator, increases BDNF levels and improves symptoms of a mouse model of Rett syndrome.<\/strong><\/a> <strong>Deogracias R*<\/strong>, Yazdani M*, Dekkers MP, Guy J, Ionescu MC, Vogt KE, Barde YA. *Equal contribution. <strong>PNAS. 2012.<\/strong><\/li><li><a href=\"https:\/\/pubmed.ncbi.nlm.nih.gov\/23115194\/\"><strong>Seizure-induced neuronal death is suppressed in the absence of the endogenous lectin Galectin1.<\/strong><\/a>\u00a0<strong>Deogracias R*<\/strong>, Bischoff V, Poirier F, Barde Y-A.\u00a0 *Equal contribution. <strong>J Neurosci. 2012.<\/strong>\u00a0<\/li><li><a href=\"https:\/\/pubmed.ncbi.nlm.nih.gov\/22865604\/\"><strong>Disease modeling using embryonic stem cells: MeCP2 regulates nuclear size and RNA synthesis in neurons.<\/strong><\/a>\u00a0<strong>Deogracias R*<\/strong>, Yazdani M*, Guy J, Poot RA, Bird A, Barde Y-A.\u00a0 *Equal contribution. <strong>Stem Cells. 2012.<\/strong><\/li><li><strong><a href=\"https:\/\/pubmed.ncbi.nlm.nih.gov\/22474351\/\">Topoisomerase II\u03b2 binding to promoters in postmitotic cells modulates gene activity and regulates neuronal survival.<\/a><\/strong> Tiwari W, Burger L#, Nikoletopoulou V#, <strong>Deogracias R<\/strong>, Wirbelauer C, Murr R, Terranova R, Mielke. C, Boege F, Lyu Y-L, Peters A, Barde Y-A, Sch\u00fcbeler D. *Equal contribution. <strong>PNAS. 2012.<\/strong><\/li><li><a href=\"https:\/\/pubmed.ncbi.nlm.nih.gov\/22412021\/\"><strong>BDNF and its pro-peptide are stored in presynaptic large dense core vesicles in brain neurons.<\/strong><\/a>\u00a0Dieni S, Matsumoto T, Dekkers M, Rauskolb S, Ionescu M, <strong>Deogracias R<\/strong>, Gundelfinger E-D, Kojima M, Nestel S, Frotscher M, Barde Y-A. <strong>The Journal of Cell Biology. 2012.\u00a0<\/strong><\/li><li><a href=\"https:\/\/pubmed.ncbi.nlm.nih.gov\/22258407\/\"><strong>Imbalance of neurotrophin receptor isoforms TrkB-FL\/TrkB-T1 induces neuronal death in excitotoxicity<\/strong><\/a><strong>. <\/strong>Vidaurre O-G#, Gasc\u00f3n S#, <strong>Deogracias R<\/strong>, Sobrado M, Cuadrado E, Montaner J, Rodr\u00edguez-Pe\u00f1a A, and M. D\u00edaz-Guerra. #Equal contribution. <strong>Cell Death and Disease. 2012.<\/strong><\/li><li><a href=\"https:\/\/pubmed.ncbi.nlm.nih.gov\/20130183\/\"><strong>Global deprivation of brain-derived neurotrophic factor in the CNS reveals an area-specific requirement for dendritic growth.<\/strong><\/a>\u00a0Rauskolb S, Zagrebelsky M, Dreznjak A, <strong>Deogracias R<\/strong>, Matsumoto T, Wiese S, Erne B, Sendtner M, Schaeren-Wiemers, Korte M and Barde Y-A. <strong>J Neurosci. 2010.<\/strong><\/li><li><a href=\"https:\/\/pubmed.ncbi.nlm.nih.gov\/16049015\/\"><strong>Transcription of the NR1 subunit of the N-methyl-D-aspartate receptor is down-regulated by excitotoxic stimulation and cerebral ischemia<\/strong><\/a><strong><u>.<\/u><\/strong> Gascon S, <strong>Deogracias R<\/strong>, Sobrado M, Roda JM, Renart J, Rodriguez-Pena A, Diaz-Guerra M. <strong>The Journal of Biological Chemistry. 2005.<\/strong><\/li><li><a href=\"https:\/\/pubmed.ncbi.nlm.nih.gov\/15234351\/\"><strong>Expression of the neurotrophin receptor TrkB is regulated by the cAMP\/CREB pathway in neurons. <\/strong><\/a><strong>Deogracias R<\/strong>, Espliguero G, Iglesias T and Rodriguez-Pena A. <strong>Molecular and Cellular Neuroscience. 2004.<\/strong><\/li><\/ol>","protected":false},"excerpt":{"rendered":"<p>Distinct molecular programs regulate synapse specificity in cortical inhibitory circuits. Deogracias R*, Favuzzi E*, Marques-Smith A, Maeso P, Jezequel J, Exposito-Alonso D, Balia M , Kroon T, Hinojosa AJ, Maraver EF, Rico B. *Equal contribution. Science. 2019. The Microtubule Regulator NEK7 Coordinates the Wiring of Cortical Parvalbumin Interneurons.\u00a0Hinojosa AJ, Deogracias R, Rico B. Cell Reports. &hellip; <a href=\"https:\/\/deograciaslab.usal.es\/en\/https-deograciaslab-usal-es-2020-09-22-publicaciones-relevantes\/\" class=\"more-link\">Continue reading<span class=\"screen-reader-text\"> &#8220;Publicaciones\/Publications&#8221;<\/span><\/a><\/p>\n","protected":false},"author":53,"featured_media":0,"parent":0,"menu_order":0,"comment_status":"closed","ping_status":"closed","template":"","meta":{"footnotes":""},"class_list":["post-115","page","type-page","status-publish","hentry"],"aioseo_notices":[],"_links":{"self":[{"href":"https:\/\/deograciaslab.usal.es\/en\/wp-json\/wp\/v2\/pages\/115","targetHints":{"allow":["GET"]}}],"collection":[{"href":"https:\/\/deograciaslab.usal.es\/en\/wp-json\/wp\/v2\/pages"}],"about":[{"href":"https:\/\/deograciaslab.usal.es\/en\/wp-json\/wp\/v2\/types\/page"}],"author":[{"embeddable":true,"href":"https:\/\/deograciaslab.usal.es\/en\/wp-json\/wp\/v2\/users\/53"}],"replies":[{"embeddable":true,"href":"https:\/\/deograciaslab.usal.es\/en\/wp-json\/wp\/v2\/comments?post=115"}],"version-history":[{"count":45,"href":"https:\/\/deograciaslab.usal.es\/en\/wp-json\/wp\/v2\/pages\/115\/revisions"}],"predecessor-version":[{"id":382,"href":"https:\/\/deograciaslab.usal.es\/en\/wp-json\/wp\/v2\/pages\/115\/revisions\/382"}],"wp:attachment":[{"href":"https:\/\/deograciaslab.usal.es\/en\/wp-json\/wp\/v2\/media?parent=115"}],"curies":[{"name":"wp","href":"https:\/\/api.w.org\/{rel}","templated":true}]}}