{"id":150,"date":"2020-10-28T16:13:55","date_gmt":"2020-10-28T16:13:55","guid":{"rendered":"https:\/\/deograciaslab.usal.es\/?page_id=150"},"modified":"2026-05-02T20:02:52","modified_gmt":"2026-05-02T19:02:52","slug":"contacto-contact","status":"publish","type":"page","link":"https:\/\/deograciaslab.usal.es\/en\/contacto-contact\/","title":{"rendered":"Contacto\/Contact"},"content":{"rendered":"<div class=\"wp-block-group\"><div class=\"wp-block-group__inner-container is-layout-flow wp-block-group-is-layout-flow\">\r\n<p><strong>Dr Rub\u00e9n Deogracias<\/strong><\/p>\r\n<\/div><\/div>\r\n\r\n\r\n\r\n<p>Universidad de Salamanca &#8211; Instituto de Neurociencias de Castilla y Le\u00f3n<\/p>\r\n\r\n\r\n\r\n<p>Calle Pintor Fernando Gallego 1<\/p>\r\n\r\n\r\n\r\n<p>Laboratorio 3<\/p>\r\n\r\n\r\n\r\n<p>37007 Salamanca<\/p>\r\n\r\n\r\n\r\n<p>Espa\u00f1a<\/p>\r\n\r\n\r\n\r\n<p><\/p>\r\n\r\n\r\n\r\n<p>Tel: +34 923 29 45 00   Ext: 5329<\/p>\r\n\r\n\r\n\r\n<p><a href=\"mailto:rdeogracias@usal.es\" target=\"_blank\" rel=\"noreferrer noopener\">rdeogracias@usal.es<\/a><\/p>\r\n\r\n\r\n\r\n<p><a href=\"https:\/\/twitter.com\/@DeograciasLab\">https:\/\/twitter.com\/@DeograciasLab<\/a><\/p>","protected":false},"excerpt":{"rendered":"<p>Dr Rub\u00e9n Deogracias Universidad de Salamanca &#8211; Instituto de Neurociencias de Castilla y Le\u00f3n Calle Pintor Fernando Gallego 1 Laboratorio 3 37007 Salamanca Espa\u00f1a Tel: +34 923 29 45 00 Ext: 5329 rdeogracias@usal.es https:\/\/twitter.com\/@DeograciasLab<\/p>\n","protected":false},"author":53,"featured_media":0,"parent":0,"menu_order":0,"comment_status":"closed","ping_status":"closed","template":"","meta":{"footnotes":""},"class_list":["post-150","page","type-page","status-publish","hentry"],"aioseo_notices":[],"_links":{"self":[{"href":"https:\/\/deograciaslab.usal.es\/en\/wp-json\/wp\/v2\/pages\/150","targetHints":{"allow":["GET"]}}],"collection":[{"href":"https:\/\/deograciaslab.usal.es\/en\/wp-json\/wp\/v2\/pages"}],"about":[{"href":"https:\/\/deograciaslab.usal.es\/en\/wp-json\/wp\/v2\/types\/page"}],"author":[{"embeddable":true,"href":"https:\/\/deograciaslab.usal.es\/en\/wp-json\/wp\/v2\/users\/53"}],"replies":[{"embeddable":true,"href":"https:\/\/deograciaslab.usal.es\/en\/wp-json\/wp\/v2\/comments?post=150"}],"version-history":[{"count":12,"href":"https:\/\/deograciaslab.usal.es\/en\/wp-json\/wp\/v2\/pages\/150\/revisions"}],"predecessor-version":[{"id":392,"href":"https:\/\/deograciaslab.usal.es\/en\/wp-json\/wp\/v2\/pages\/150\/revisions\/392"}],"wp:attachment":[{"href":"https:\/\/deograciaslab.usal.es\/en\/wp-json\/wp\/v2\/media?parent=150"}],"curies":[{"name":"wp","href":"https:\/\/api.w.org\/{rel}","templated":true}]}}